{"id":3384,"date":"2022-10-06T15:17:31","date_gmt":"2022-10-06T15:17:31","guid":{"rendered":"https:\/\/bestforexcopiers.com\/?page_id=3384"},"modified":"2022-10-06T18:09:22","modified_gmt":"2022-10-06T18:09:22","slug":"review-of-fx-blues-personal-trade-copier-software","status":"publish","type":"page","link":"https:\/\/bestforexcopiers.com\/pt\/review-of-fx-blues-personal-trade-copier-software\/","title":{"rendered":"An\u00e1lise do software Personal Trade Copier da FX Blue"},"content":{"rendered":"<ul><li><strong>FX Blue Personal Trade Copier<\/strong>+<\/li><li><strong>Resultados dos testes do Personal Trade Copier da FX Blue<\/strong><\/li><li><strong>An\u00e1lise do Personal Trade Copier da FX Blue a partir de fontes p\u00fablicas<\/strong><\/li><li><strong>Conclus\u00f5es<\/strong><\/li><\/ul>\n\n\n\n<h2 class=\"wp-block-heading\"><strong>FX Blue Personal Trade Copier<\/strong><\/h2>\n\n\n\n<p>Personal Trade Copier da FX Blue para plataformas MT4\u00ae e MT5\u00ae est\u00e1 dispon\u00edvel em fxblue.com. Existem duas vers\u00f5es do software, uma para MT4\u00ae e outra para MT5\u00ae. Elas podem funcionar juntas.<\/p>\n\n\n\n<p>O Personal Trade Copier copia ordens entre duas ou mais inst\u00e2ncias de softwares MT4\u00ae e MT5\u00ae em execu\u00e7\u00e3o no mesmo computador. A velocidade de replica\u00e7\u00e3o entre terminais \u00e9 quase instant\u00e2nea. O tamanho do lote pode ser ajustado entre contas diferentes. Voc\u00ea pode limitar a replica\u00e7\u00e3o por certos instrumentos de negocia\u00e7\u00e3o ou n\u00fameros m\u00e1gicos.<\/p>\n\n\n\n<p>Ap\u00f3s o registro no site, o software Personal Trade Copier fica dispon\u00edvel para download e uso pessoal.<\/p>\n\n\n\n<p>As principais vantagens do Personal Trade Copier s\u00e3o:<\/p>\n\n\n\n<p>1. Ajuste de tamanhos de lotes, incluindo ajuste de risco com base no capital relativo das contas utilizadas.<\/p>\n\n\n\n<p>2. Ajuste de take-profit e stop-loss.<\/p>\n\n\n\n<p>3. Capacidade de replicar ordens apenas para s\u00edmbolos espec\u00edficos.<\/p>\n\n\n\n<p>4. Possibilidade de replicar negocia\u00e7\u00f5es apenas com determinados n\u00fameros m\u00e1gicos.<\/p>\n\n\n\n<p>5. Replica\u00e7\u00e3o manual ou autom\u00e1tica de negocia\u00e7\u00f5es.<\/p>\n\n\n\n<p>6. Funcionalidade de envio de alertas por e-mail sobre a atividade de negocia\u00e7\u00e3o.<\/p>\n\n\n\n<p>7. \u00c9 poss\u00edvel usar um \u00fanico n\u00famero m\u00e1gico para todas as ordens, o que permite analisar os resultados das negocia\u00e7\u00f5es.<\/p>\n\n\n\n<p>8. Ajusta automaticamente entre diferentes nomes de s\u00edmbolos de corretoras, como EURUSD e EURUSDcx.<\/p>\n\n\n\n<p>9. \u00c9 poss\u00edvel configurar automaticamente entre brokers que usam pre\u00e7os 2\/3DP e 4\/5DP.<\/p>\n\n\n\n<p>10. \u00c9 poss\u00edvel inverter a dire\u00e7\u00e3o da negocia\u00e7\u00e3o original.<\/p>\n\n\n\n<p>\u00c9 poss\u00edvel configurar um hor\u00e1rio de negocia\u00e7\u00e3o di\u00e1rio, durante o qual o replicador pode negociar.<\/p>\n\n\n\n<p>12. Tamb\u00e9m trabalha com fechamentos parciais.<\/p>\n\n\n\n<p>13. O m\u00f3dulo MT4 n\u00e3o precisa da capacidade de fazer neg\u00f3cios. Ele pode ser acessado usando um acesso somente-leitura MT4 \"investidor\".<\/p>\n\n\n\n<p>O site do fabricante do software replicador fornece um manual de usu\u00e1rio detalhado em texto, escrito em uma linguagem acess\u00edvel para iniciantes.<\/p>\n\n\n\n<p>O Personal Trade Copier pode ser configurado entre qualquer varia\u00e7\u00e3o de terminais MT4\u00ae e\/ou MT5\u00ae.&nbsp;<\/p>\n\n\n\n<p>Para nossos testes, usamos arquivos de instala\u00e7\u00e3o para MT4\u00ae e MT5\u00ae e ficamos satisfeitos - n\u00e3o houve problemas com a instala\u00e7\u00e3o dos m\u00f3dulos de servidor ou cliente do Expert Advisor.&nbsp;<\/p>\n\n\n\n<h2 class=\"wp-block-heading\"><strong>Resultados dos testes do Personal Trade Copier da FX Blue<\/strong><\/h2>\n\n\n\n<p>A instala\u00e7\u00e3o e configura\u00e7\u00e3o do Personal Trade Copier leva pouco tempo ap\u00f3s a leitura do manual - tudo \u00e9 descrito em detalhes. Ao instalar o software replicador, voc\u00ea pode selecionar o terminal no qual ele ser\u00e1 instalado.<\/p>\n\n\n\n<figure class=\"wp-block-image size-full\"><img decoding=\"async\" loading=\"lazy\" width=\"644\" height=\"522\" src=\"https:\/\/bestforexcopiers.com\/wp-content\/uploads\/2022\/10\/select-the-terminal.jpg\" alt=\"\" class=\"wp-image-3386\" srcset=\"https:\/\/bestforexcopiers.com\/wp-content\/uploads\/2022\/10\/select-the-terminal.jpg 644w, https:\/\/bestforexcopiers.com\/wp-content\/uploads\/2022\/10\/select-the-terminal-300x243.jpg 300w, https:\/\/bestforexcopiers.com\/wp-content\/uploads\/2022\/10\/select-the-terminal-15x12.jpg 15w, https:\/\/bestforexcopiers.com\/wp-content\/uploads\/2022\/10\/select-the-terminal-600x486.jpg 600w\" sizes=\"(max-width: 644px) 100vw, 644px\" \/><\/figure>\n\n\n\n<p>Ap\u00f3s uma r\u00e1pida instala\u00e7\u00e3o dos m\u00f3dulos servidor (Sender) e de negocia\u00e7\u00e3o (Reciever) do software replicador - tudo est\u00e1 pronto para uso.<\/p>\n\n\n\n<figure class=\"wp-block-image size-large\"><img decoding=\"async\" loading=\"lazy\" width=\"1024\" height=\"553\" src=\"https:\/\/bestforexcopiers.com\/wp-content\/uploads\/2022\/10\/Receiver-1024x553.jpg\" alt=\"\" class=\"wp-image-3387\" srcset=\"https:\/\/bestforexcopiers.com\/wp-content\/uploads\/2022\/10\/Receiver-1024x553.jpg 1024w, https:\/\/bestforexcopiers.com\/wp-content\/uploads\/2022\/10\/Receiver-300x162.jpg 300w, https:\/\/bestforexcopiers.com\/wp-content\/uploads\/2022\/10\/Receiver-1536x829.jpg 1536w, https:\/\/bestforexcopiers.com\/wp-content\/uploads\/2022\/10\/Receiver-18x10.jpg 18w, https:\/\/bestforexcopiers.com\/wp-content\/uploads\/2022\/10\/Receiver-600x324.jpg 600w, https:\/\/bestforexcopiers.com\/wp-content\/uploads\/2022\/10\/Receiver.jpg 1919w\" sizes=\"(max-width: 1024px) 100vw, 1024px\" \/><\/figure>\n\n\n\n<p>Para uma melhor percep\u00e7\u00e3o de visualiza\u00e7\u00e3o o m\u00f3dulo Sender tem um tom mais escuro, e o Reciever - tem um tom mais claro.&nbsp;<\/p>\n\n\n\n<figure class=\"wp-block-image size-large\"><img decoding=\"async\" loading=\"lazy\" width=\"1024\" height=\"554\" src=\"https:\/\/bestforexcopiers.com\/wp-content\/uploads\/2022\/10\/Sender-1024x554.jpg\" alt=\"\" class=\"wp-image-3388\" srcset=\"https:\/\/bestforexcopiers.com\/wp-content\/uploads\/2022\/10\/Sender-1024x554.jpg 1024w, https:\/\/bestforexcopiers.com\/wp-content\/uploads\/2022\/10\/Sender-300x162.jpg 300w, https:\/\/bestforexcopiers.com\/wp-content\/uploads\/2022\/10\/Sender-1536x832.jpg 1536w, https:\/\/bestforexcopiers.com\/wp-content\/uploads\/2022\/10\/Sender-18x10.jpg 18w, https:\/\/bestforexcopiers.com\/wp-content\/uploads\/2022\/10\/Sender-600x325.jpg 600w, https:\/\/bestforexcopiers.com\/wp-content\/uploads\/2022\/10\/Sender.jpg 1917w\" sizes=\"(max-width: 1024px) 100vw, 1024px\" \/><\/figure>\n\n\n\n<p>O software replicador mostra todas as informa\u00e7\u00f5es em um gr\u00e1fico - ele funcionar\u00e1 com todas as negocia\u00e7\u00f5es abertas na conta da qual a replica\u00e7\u00e3o \u00e9 executada. Se voc\u00ea conectar a conta do servidor em seu smartphone enquanto o replicador estiver habilitado no computador com o Sender instalado, as negocia\u00e7\u00f5es enviadas a partir do smartphone tamb\u00e9m ser\u00e3o copiadas para a conta do Reciever.<\/p>\n\n\n\n<p>Depois de instalar e configurar os m\u00f3dulos de servidor e cliente do replicador, testamos o Personal Trade Copier usando terminais MT4\u00ae. Como voc\u00ea pode ver na captura de tela abaixo, uma ordem aberta no terminal do servidor \u00e9 replicada pelo Expert Advisor para o terminal do cliente. O replicador n\u00e3o tem problemas em replicar ordens - tudo funciona muito bem. A ordem foi aberta ao pre\u00e7o de mercado, portanto, o pre\u00e7o de abertura no terminal do cliente \u00e9 diferente do pre\u00e7o de abertura no terminal do servidor.<\/p>\n\n\n\n<figure class=\"wp-block-image size-large\"><img decoding=\"async\" loading=\"lazy\" width=\"1024\" height=\"555\" src=\"https:\/\/bestforexcopiers.com\/wp-content\/uploads\/2022\/10\/copy-order-MT5-to-MT5-1024x555.jpg\" alt=\"\" class=\"wp-image-3389\" srcset=\"https:\/\/bestforexcopiers.com\/wp-content\/uploads\/2022\/10\/copy-order-MT5-to-MT5-1024x555.jpg 1024w, https:\/\/bestforexcopiers.com\/wp-content\/uploads\/2022\/10\/copy-order-MT5-to-MT5-300x162.jpg 300w, https:\/\/bestforexcopiers.com\/wp-content\/uploads\/2022\/10\/copy-order-MT5-to-MT5-1536x832.jpg 1536w, https:\/\/bestforexcopiers.com\/wp-content\/uploads\/2022\/10\/copy-order-MT5-to-MT5-18x10.jpg 18w, https:\/\/bestforexcopiers.com\/wp-content\/uploads\/2022\/10\/copy-order-MT5-to-MT5-600x325.jpg 600w, https:\/\/bestforexcopiers.com\/wp-content\/uploads\/2022\/10\/copy-order-MT5-to-MT5.jpg 1911w\" sizes=\"(max-width: 1024px) 100vw, 1024px\" \/><\/figure>\n\n\n\n<p>Ent\u00e3o testamos o Personal Trade Copier entre terminais MT4\u00ae e MT5\u00ae. A velocidade de replica\u00e7\u00e3o \u00e9 a mesma do caso anterior - quase instant\u00e2nea. H\u00e1 tamb\u00e9m uma discrep\u00e2ncia nos pre\u00e7os de abertura de negocia\u00e7\u00f5es a pre\u00e7os de mercado.<\/p>\n\n\n\n<figure class=\"wp-block-image size-large\"><img decoding=\"async\" loading=\"lazy\" width=\"1024\" height=\"555\" src=\"https:\/\/bestforexcopiers.com\/wp-content\/uploads\/2022\/10\/copy-order-mt4-mt5-1024x555.jpg\" alt=\"\" class=\"wp-image-3390\" srcset=\"https:\/\/bestforexcopiers.com\/wp-content\/uploads\/2022\/10\/copy-order-mt4-mt5-1024x555.jpg 1024w, https:\/\/bestforexcopiers.com\/wp-content\/uploads\/2022\/10\/copy-order-mt4-mt5-300x163.jpg 300w, https:\/\/bestforexcopiers.com\/wp-content\/uploads\/2022\/10\/copy-order-mt4-mt5-1536x833.jpg 1536w, https:\/\/bestforexcopiers.com\/wp-content\/uploads\/2022\/10\/copy-order-mt4-mt5-18x10.jpg 18w, https:\/\/bestforexcopiers.com\/wp-content\/uploads\/2022\/10\/copy-order-mt4-mt5-600x325.jpg 600w, https:\/\/bestforexcopiers.com\/wp-content\/uploads\/2022\/10\/copy-order-mt4-mt5.jpg 1910w\" sizes=\"(max-width: 1024px) 100vw, 1024px\" \/><\/figure>\n\n\n\n<p>O replicador tem a funcionalidade para definir o tamanho do lote em uma variedade de par\u00e2metros ao replicar negocia\u00e7\u00f5es - o usu\u00e1rio pode escolher a op\u00e7\u00e3o desejada. Por padr\u00e3o, o mesmo tamanho de lote relativo \u00e9 definido (com base no capital relativo).<\/p>\n\n\n\n<p>Uma das desvantagens de todos os replicadores \u00e9 que os pre\u00e7os dos instrumentos de negocia\u00e7\u00e3o s\u00e3o diferentes para diferentes brokers, o que pode resultar na abertura de ordens pendentes de limite de compra e limite de venda em uma plataforma e n\u00e3o na outra. O Personal Trade Copier n\u00e3o \u00e9 uma exce\u00e7\u00e3o neste aspecto. Isso reduz muito a possibilidade de us\u00e1-lo e  deixa as ordens abertas a pre\u00e7os de mercado e os tipos de stop de compra e venda para negocia\u00e7\u00e3o perfeita, embora ao ficar em uma ordem take profit ou stop loss, tamb\u00e9m possa haver diferen\u00e7as nas ordens em diferentes terminais.<\/p>\n\n\n\n<h3 class=\"wp-block-heading\"><strong>An\u00e1lise do Personal Trade Copier da FX Blue a partir de fontes p\u00fablicas<\/strong><\/h3>\n\n\n\n<p>H\u00e1 um manual de usu\u00e1rio detalhado sobre instala\u00e7\u00e3o e uso do produto no site da fabricante, que est\u00e1 dispon\u00edvel em ingl\u00eas. A empresa possui uma vers\u00e3o gratuita do software para uso pessoal, basta fazer um registro.<\/p>\n\n\n\n<p>No momento da reda\u00e7\u00e3o desta avalia\u00e7\u00e3o, o site tinha 16 anos, 4 meses e 21 dias. Existem muitas an\u00e1lises nas plataformas sobre o tema e f\u00f3runs sobre negocia\u00e7\u00e3o. As avalia\u00e7\u00f5es s\u00e3o positivas e inspiram confian\u00e7a no produto vendido.<\/p>\n\n\n\n<h3 class=\"wp-block-heading\"><strong>Conclus\u00f5es<\/strong><\/h3>\n\n\n\n<p>O software Personal Trade Copier \u00e9 altamente especializado e n\u00e3o pode ser usado para um grande n\u00famero de sistemas de negocia\u00e7\u00e3o. Recomendar\u00edamos dar prefer\u00eancia \u00e0 negocia\u00e7\u00e3o a m\u00e9dio e longo prazo, realizando ordens de compra e venda. Nesse tipo de negocia\u00e7\u00e3o, a aquisi\u00e7\u00e3o do software em quest\u00e3o faz sentido. Para negocia\u00e7\u00f5es mais r\u00e1pidas e ordens de limite de compra e limite de venda, o Personal Trade Copier pode n\u00e3o corresponder \u00e0s expectativas com base em seus retornos limitados. N\u00e3o temos queixas em rela\u00e7\u00e3o ao Personal Trade Copier - \u00e9 um software de alta qualidade e mostra grande aten\u00e7\u00e3o ao detalhe. No entanto, podem surgir problemas devido \u00e0s diferen\u00e7as nas cota\u00e7\u00f5es entre diferentes brokers. \n\tO software Personal Trade Copier est\u00e1 dispon\u00edvel para download e uso gratuito. Na minha opini\u00e3o, \u00e9 um dos melhores replicadores comerciais para negociadores particulares.<\/p>\n\n\n\n<p>Website: https:\/\/www.fxblue.com\/appstore\/2\/mt4-personal-trade-copier<\/p>\n\n\n\n<div id=\"wp-block-themeisle-blocks-advanced-columns-326c73d5\" class=\"wp-block-themeisle-blocks-advanced-columns has-0-columns has-desktop-undefined-layout has-tablet-equal-layout has-mobile-equal-layout has-vertical-unset\"><div class=\"wp-block-themeisle-blocks-advanced-columns-overlay\"><\/div><div class=\"innerblocks-wrap\"><\/div><\/div>","protected":false},"excerpt":{"rendered":"<p>FX Blue Personal Trade Copier+ FX Blue Personal Trade Copier test results FX Blue Personal Trade Copier analysis from public sources Conclusions FX Blue Personal Trade Copier The FX Blue Personal Trade Copier for MT4\u00ae and MT5\u00ae is available at fxblue.com. There is one software for MT4\u00ae and another for MT5\u00ae. They can work together. [&hellip;]<\/p>","protected":false},"author":1,"featured_media":3389,"parent":0,"menu_order":0,"comment_status":"closed","ping_status":"closed","template":"","meta":{"_mi_skip_tracking":false,"_monsterinsights_sitenote_active":false,"_monsterinsights_sitenote_note":"","_monsterinsights_sitenote_category":0,"_themeisle_gutenberg_block_has_review":false,"footnotes":""},"_links":{"self":[{"href":"https:\/\/bestforexcopiers.com\/pt\/wp-json\/wp\/v2\/pages\/3384"}],"collection":[{"href":"https:\/\/bestforexcopiers.com\/pt\/wp-json\/wp\/v2\/pages"}],"about":[{"href":"https:\/\/bestforexcopiers.com\/pt\/wp-json\/wp\/v2\/types\/page"}],"author":[{"embeddable":true,"href":"https:\/\/bestforexcopiers.com\/pt\/wp-json\/wp\/v2\/users\/1"}],"replies":[{"embeddable":true,"href":"https:\/\/bestforexcopiers.com\/pt\/wp-json\/wp\/v2\/comments?post=3384"}],"version-history":[{"count":3,"href":"https:\/\/bestforexcopiers.com\/pt\/wp-json\/wp\/v2\/pages\/3384\/revisions"}],"predecessor-version":[{"id":3396,"href":"https:\/\/bestforexcopiers.com\/pt\/wp-json\/wp\/v2\/pages\/3384\/revisions\/3396"}],"wp:featuredmedia":[{"embeddable":true,"href":"https:\/\/bestforexcopiers.com\/pt\/wp-json\/wp\/v2\/media\/3389"}],"wp:attachment":[{"href":"https:\/\/bestforexcopiers.com\/pt\/wp-json\/wp\/v2\/media?parent=3384"}],"curies":[{"name":"wp","href":"https:\/\/api.w.org\/{rel}","templated":true}]}}